{"id":1518,"date":"2021-04-05T23:16:56","date_gmt":"2021-04-05T23:16:56","guid":{"rendered":"https:\/\/jardinesmeralda.cl\/about-us\/"},"modified":"2025-05-19T22:13:05","modified_gmt":"2025-05-19T22:13:05","slug":"about-us","status":"publish","type":"page","link":"https:\/\/jardinesmeralda.cl\/en\/about-us\/","title":{"rendered":"About Us"},"content":{"rendered":"\t\t<div data-elementor-type=\"wp-page\" data-elementor-id=\"1518\" class=\"elementor elementor-1518 elementor-306\" data-elementor-post-type=\"page\">\n\t\t\t\t\t\t<section class=\"elementor-section elementor-top-section elementor-element elementor-element-30970e61 elementor-section-boxed elementor-section-height-default elementor-section-height-default\" data-id=\"30970e61\" data-element_type=\"section\" data-settings=\"{&quot;background_background&quot;:&quot;classic&quot;}\">\n\t\t\t\t\t\t\t<div class=\"elementor-background-overlay\"><\/div>\n\t\t\t\t\t\t\t<div class=\"elementor-container elementor-column-gap-no\">\n\t\t\t\t\t<div class=\"elementor-column elementor-col-100 elementor-top-column elementor-element elementor-element-352a9218\" data-id=\"352a9218\" data-element_type=\"column\">\n\t\t\t<div class=\"elementor-widget-wrap elementor-element-populated\">\n\t\t\t\t\t\t<section class=\"elementor-section elementor-inner-section elementor-element elementor-element-2b091124 elementor-section-boxed elementor-section-height-default elementor-section-height-default\" data-id=\"2b091124\" data-element_type=\"section\">\n\t\t\t\t\t\t<div class=\"elementor-container elementor-column-gap-default\">\n\t\t\t\t\t<div class=\"elementor-column elementor-col-100 elementor-inner-column elementor-element elementor-element-5c5825a0\" data-id=\"5c5825a0\" data-element_type=\"column\">\n\t\t\t<div class=\"elementor-widget-wrap elementor-element-populated\">\n\t\t\t\t\t\t<div class=\"elementor-element elementor-element-75e45ec elementor-widget elementor-widget-heading\" data-id=\"75e45ec\" data-element_type=\"widget\" data-widget_type=\"heading.default\">\n\t\t\t\t<div class=\"elementor-widget-container\">\n\t\t\t\t\t<h2 class=\"elementor-heading-title elementor-size-default\">WE ARE<\/h2>\t\t\t\t<\/div>\n\t\t\t\t<\/div>\n\t\t\t\t<div class=\"elementor-element elementor-element-a8825a7 elementor-widget elementor-widget-image\" data-id=\"a8825a7\" data-element_type=\"widget\" data-widget_type=\"image.default\">\n\t\t\t\t<div class=\"elementor-widget-container\">\n\t\t\t\t\t\t\t\t\t\t\t\t\t\t\t<img fetchpriority=\"high\" decoding=\"async\" width=\"768\" height=\"595\" src=\"https:\/\/i0.wp.com\/jardinesmeralda.cl\/wp-content\/uploads\/2025\/05\/ISO-BLANCO.png?fit=768%2C595&amp;ssl=1\" class=\"attachment-medium_large size-medium_large wp-image-1816\" alt=\"\" srcset=\"https:\/\/i0.wp.com\/jardinesmeralda.cl\/wp-content\/uploads\/2025\/05\/ISO-BLANCO.png?w=965&amp;ssl=1 965w, https:\/\/i0.wp.com\/jardinesmeralda.cl\/wp-content\/uploads\/2025\/05\/ISO-BLANCO.png?resize=300%2C232&amp;ssl=1 300w, https:\/\/i0.wp.com\/jardinesmeralda.cl\/wp-content\/uploads\/2025\/05\/ISO-BLANCO.png?resize=768%2C595&amp;ssl=1 768w, https:\/\/i0.wp.com\/jardinesmeralda.cl\/wp-content\/uploads\/2025\/05\/ISO-BLANCO.png?resize=600%2C464&amp;ssl=1 600w\" sizes=\"(max-width: 768px) 100vw, 768px\" \/>\t\t\t\t\t\t\t\t\t\t\t\t\t\t\t<\/div>\n\t\t\t\t<\/div>\n\t\t\t\t<div class=\"elementor-element elementor-element-a546bc9 elementor-widget elementor-widget-heading\" data-id=\"a546bc9\" data-element_type=\"widget\" data-widget_type=\"heading.default\">\n\t\t\t\t<div class=\"elementor-widget-container\">\n\t\t\t\t\t<h2 class=\"elementor-heading-title elementor-size-default\">JARD\u00cdN ESMERALDA<\/h2>\t\t\t\t<\/div>\n\t\t\t\t<\/div>\n\t\t\t\t\t<\/div>\n\t\t<\/div>\n\t\t\t\t\t<\/div>\n\t\t<\/section>\n\t\t\t\t\t<\/div>\n\t\t<\/div>\n\t\t\t\t\t<\/div>\n\t\t<\/section>\n\t\t\t\t<section class=\"elementor-section elementor-top-section elementor-element elementor-element-3bff01ba elementor-section-boxed elementor-section-height-default elementor-section-height-default\" data-id=\"3bff01ba\" data-element_type=\"section\" data-settings=\"{&quot;background_background&quot;:&quot;classic&quot;}\">\n\t\t\t\t\t\t<div class=\"elementor-container elementor-column-gap-no\">\n\t\t\t\t\t<div class=\"elementor-column elementor-col-100 elementor-top-column elementor-element elementor-element-1e97f78b\" data-id=\"1e97f78b\" data-element_type=\"column\" data-settings=\"{&quot;background_background&quot;:&quot;classic&quot;}\">\n\t\t\t<div class=\"elementor-widget-wrap elementor-element-populated\">\n\t\t\t\t\t\t<section class=\"elementor-section elementor-inner-section elementor-element elementor-element-edcfe73 elementor-section-full_width elementor-section-height-default elementor-section-height-default\" data-id=\"edcfe73\" data-element_type=\"section\">\n\t\t\t\t\t\t<div class=\"elementor-container elementor-column-gap-default\">\n\t\t\t\t\t<div class=\"elementor-column elementor-col-50 elementor-inner-column elementor-element elementor-element-3f3a1d65\" data-id=\"3f3a1d65\" data-element_type=\"column\" data-settings=\"{&quot;background_background&quot;:&quot;classic&quot;}\">\n\t\t\t<div class=\"elementor-widget-wrap elementor-element-populated\">\n\t\t\t\t\t\t<div class=\"elementor-element elementor-element-2ecbd0de elementor-widget elementor-widget-heading\" data-id=\"2ecbd0de\" data-element_type=\"widget\" data-widget_type=\"heading.default\">\n\t\t\t\t<div class=\"elementor-widget-container\">\n\t\t\t\t\t<h2 class=\"elementor-heading-title elementor-size-default\">Image<\/h2>\t\t\t\t<\/div>\n\t\t\t\t<\/div>\n\t\t\t\t\t<\/div>\n\t\t<\/div>\n\t\t\t\t<div class=\"elementor-column elementor-col-50 elementor-inner-column elementor-element elementor-element-551664cc\" data-id=\"551664cc\" data-element_type=\"column\">\n\t\t\t<div class=\"elementor-widget-wrap elementor-element-populated\">\n\t\t\t\t\t\t<div class=\"elementor-element elementor-element-38284b60 elementor-widget elementor-widget-heading\" data-id=\"38284b60\" data-element_type=\"widget\" data-widget_type=\"heading.default\">\n\t\t\t\t<div class=\"elementor-widget-container\">\n\t\t\t\t\t<h5 class=\"elementor-heading-title elementor-size-default\">ESMERALDA<\/h5>\t\t\t\t<\/div>\n\t\t\t\t<\/div>\n\t\t\t\t<div class=\"elementor-element elementor-element-74092d14 elementor-widget elementor-widget-heading\" data-id=\"74092d14\" data-element_type=\"widget\" data-widget_type=\"heading.default\">\n\t\t\t\t<div class=\"elementor-widget-container\">\n\t\t\t\t\t<h2 class=\"elementor-heading-title elementor-size-default\">Flower Shop and Garden<\/h2>\t\t\t\t<\/div>\n\t\t\t\t<\/div>\n\t\t\t\t<div class=\"elementor-element elementor-element-3eef7ea0 elementor-widget elementor-widget-text-editor\" data-id=\"3eef7ea0\" data-element_type=\"widget\" data-widget_type=\"text-editor.default\">\n\t\t\t\t<div class=\"elementor-widget-container\">\n\t\t\t\t\t\t\t\t\t<p>Jard\u00edn Esmeralda began in 1992 in the art of flowers on Esmeralda Street, Valpara\u00edso. Over the years, we have gained a respectability that has made us recognized at both regional and national levels. In these 29 years, both our store and our team have grown and developed to achieve customer satisfaction. <\/p>\t\t\t\t\t\t\t\t<\/div>\n\t\t\t\t<\/div>\n\t\t\t\t<div class=\"elementor-element elementor-element-35dff38 elementor-widget elementor-widget-heading\" data-id=\"35dff38\" data-element_type=\"widget\" data-widget_type=\"heading.default\">\n\t\t\t\t<div class=\"elementor-widget-container\">\n\t\t\t\t\t<h5 class=\"elementor-heading-title elementor-size-default\">Our Garden<\/h5>\t\t\t\t<\/div>\n\t\t\t\t<\/div>\n\t\t\t\t<div class=\"elementor-element elementor-element-ec63c20 elementor-widget elementor-widget-text-editor\" data-id=\"ec63c20\" data-element_type=\"widget\" data-widget_type=\"text-editor.default\">\n\t\t\t\t<div class=\"elementor-widget-container\">\n\t\t\t\t\t\t\t\t\t<p>The atmosphere of our store invites you on a perfumed journey in the exploration of the senses. Flowers and plants surround you at all times, creating an oasis of peace and refinement in the heart of the city, where you will find unexpected, wise, and poetic compositions accompanied by unique decorative objects and exquisite flavors. <\/p>\t\t\t\t\t\t\t\t<\/div>\n\t\t\t\t<\/div>\n\t\t\t\t<div class=\"elementor-element elementor-element-7bedfa4a elementor-align-left elementor-mobile-align-justify elementor-tablet-align-left elementor-widget elementor-widget-button\" data-id=\"7bedfa4a\" data-element_type=\"widget\" data-widget_type=\"button.default\">\n\t\t\t\t<div class=\"elementor-widget-container\">\n\t\t\t\t\t\t\t\t\t<div class=\"elementor-button-wrapper\">\n\t\t\t\t\t<a class=\"elementor-button elementor-button-link elementor-size-sm\" href=\"#contacto\">\n\t\t\t\t\t\t<span class=\"elementor-button-content-wrapper\">\n\t\t\t\t\t\t\t\t\t<span class=\"elementor-button-text\">CONTACT US<\/span>\n\t\t\t\t\t<\/span>\n\t\t\t\t\t<\/a>\n\t\t\t\t<\/div>\n\t\t\t\t\t\t\t\t<\/div>\n\t\t\t\t<\/div>\n\t\t\t\t\t<\/div>\n\t\t<\/div>\n\t\t\t\t\t<\/div>\n\t\t<\/section>\n\t\t\t\t\t<\/div>\n\t\t<\/div>\n\t\t\t\t\t<\/div>\n\t\t<\/section>\n\t\t\t\t<section class=\"elementor-section elementor-top-section elementor-element elementor-element-73a7e044 elementor-section-stretched elementor-section-boxed elementor-section-height-default elementor-section-height-default\" data-id=\"73a7e044\" data-element_type=\"section\" data-settings=\"{&quot;stretch_section&quot;:&quot;section-stretched&quot;}\">\n\t\t\t\t\t\t<div class=\"elementor-container elementor-column-gap-default\">\n\t\t\t\t\t<div class=\"elementor-column elementor-col-100 elementor-top-column elementor-element elementor-element-3caa77dc\" data-id=\"3caa77dc\" data-element_type=\"column\">\n\t\t\t<div class=\"elementor-widget-wrap elementor-element-populated\">\n\t\t\t\t\t\t<section class=\"elementor-section elementor-inner-section elementor-element elementor-element-5b059b5c elementor-section-boxed elementor-section-height-default elementor-section-height-default\" data-id=\"5b059b5c\" data-element_type=\"section\">\n\t\t\t\t\t\t<div class=\"elementor-container elementor-column-gap-default\">\n\t\t\t\t\t<div class=\"elementor-column elementor-col-100 elementor-inner-column elementor-element elementor-element-3f1f4201\" data-id=\"3f1f4201\" data-element_type=\"column\">\n\t\t\t<div class=\"elementor-widget-wrap elementor-element-populated\">\n\t\t\t\t\t\t<div class=\"elementor-element elementor-element-1fb57c84 elementor-widget elementor-widget-heading\" data-id=\"1fb57c84\" data-element_type=\"widget\" data-widget_type=\"heading.default\">\n\t\t\t\t<div class=\"elementor-widget-container\">\n\t\t\t\t\t<h2 class=\"elementor-heading-title elementor-size-default\">Mission\/Vision<\/h2>\t\t\t\t<\/div>\n\t\t\t\t<\/div>\n\t\t\t\t<div class=\"elementor-element elementor-element-34b231a6 elementor-widget elementor-widget-text-editor\" data-id=\"34b231a6\" data-element_type=\"widget\" data-widget_type=\"text-editor.default\">\n\t\t\t\t<div class=\"elementor-widget-container\">\n\t\t\t\t\t\t\t\t\t<p>Both flowers and plants are among the most striking, exotic, and colorful natural elements on our Planet. They have evolved over thousands of years with the purpose of attracting attention and standing out to be pollinated.<\/p><p>In our world, that of human beings, they have become icons that enchant, surprise, and inspire passion.<\/p><p>That is why our mission lies in giving our customers the opportunity to express their feelings.<\/p>\t\t\t\t\t\t\t\t<\/div>\n\t\t\t\t<\/div>\n\t\t\t\t<div class=\"elementor-element elementor-element-278e91d8 elementor-widget-divider--view-line elementor-widget elementor-widget-divider\" data-id=\"278e91d8\" data-element_type=\"widget\" data-widget_type=\"divider.default\">\n\t\t\t\t<div class=\"elementor-widget-container\">\n\t\t\t\t\t\t\t<div class=\"elementor-divider\">\n\t\t\t<span class=\"elementor-divider-separator\">\n\t\t\t\t\t\t<\/span>\n\t\t<\/div>\n\t\t\t\t\t\t<\/div>\n\t\t\t\t<\/div>\n\t\t\t\t\t<\/div>\n\t\t<\/div>\n\t\t\t\t\t<\/div>\n\t\t<\/section>\n\t\t\t\t<div class=\"elementor-element elementor-element-c620c85 elementor-widget elementor-widget-image\" data-id=\"c620c85\" data-element_type=\"widget\" data-widget_type=\"image.default\">\n\t\t\t\t<div class=\"elementor-widget-container\">\n\t\t\t\t\t\t\t\t\t\t\t\t\t\t\t<img decoding=\"async\" width=\"1024\" height=\"334\" src=\"https:\/\/i0.wp.com\/jardinesmeralda.cl\/wp-content\/uploads\/2024\/06\/LOGO-VERDE.png?fit=1024%2C334&amp;ssl=1\" class=\"attachment-large size-large wp-image-1489\" alt=\"\" srcset=\"https:\/\/i0.wp.com\/jardinesmeralda.cl\/wp-content\/uploads\/2024\/06\/LOGO-VERDE.png?w=1383&amp;ssl=1 1383w, https:\/\/i0.wp.com\/jardinesmeralda.cl\/wp-content\/uploads\/2024\/06\/LOGO-VERDE.png?resize=300%2C98&amp;ssl=1 300w, https:\/\/i0.wp.com\/jardinesmeralda.cl\/wp-content\/uploads\/2024\/06\/LOGO-VERDE.png?resize=1024%2C334&amp;ssl=1 1024w, https:\/\/i0.wp.com\/jardinesmeralda.cl\/wp-content\/uploads\/2024\/06\/LOGO-VERDE.png?resize=768%2C250&amp;ssl=1 768w, https:\/\/i0.wp.com\/jardinesmeralda.cl\/wp-content\/uploads\/2024\/06\/LOGO-VERDE.png?resize=600%2C196&amp;ssl=1 600w\" sizes=\"(max-width: 1000px) 100vw, 1000px\" \/>\t\t\t\t\t\t\t\t\t\t\t\t\t\t\t<\/div>\n\t\t\t\t<\/div>\n\t\t\t\t<section class=\"elementor-section elementor-inner-section elementor-element elementor-element-72e706a elementor-section-boxed elementor-section-height-default elementor-section-height-default\" data-id=\"72e706a\" data-element_type=\"section\">\n\t\t\t\t\t\t<div class=\"elementor-container elementor-column-gap-default\">\n\t\t\t\t\t<div class=\"elementor-column elementor-col-100 elementor-inner-column elementor-element elementor-element-a3b5093\" data-id=\"a3b5093\" data-element_type=\"column\">\n\t\t\t<div class=\"elementor-widget-wrap elementor-element-populated\">\n\t\t\t\t\t\t<div class=\"elementor-element elementor-element-267d07e elementor-widget elementor-widget-heading\" data-id=\"267d07e\" data-element_type=\"widget\" data-widget_type=\"heading.default\">\n\t\t\t\t<div class=\"elementor-widget-container\">\n\t\t\t\t\t<h2 class=\"elementor-heading-title elementor-size-default\">Our Services<\/h2>\t\t\t\t<\/div>\n\t\t\t\t<\/div>\n\t\t\t\t<div class=\"elementor-element elementor-element-082af31 elementor-widget elementor-widget-text-editor\" data-id=\"082af31\" data-element_type=\"widget\" data-widget_type=\"text-editor.default\">\n\t\t\t\t<div class=\"elementor-widget-container\">\n\t\t\t\t\t\t\t\t\t<p>Day by day, we are driven to provide the best service to our customers. That is why we offer fresh flowers brimming with life so that whoever receives them finds the gift of emotion. <\/p><p>The arrangements are made at the moment and their delivery is personal and always by hand. When the doors open, the faces of surprise and joy create a moment full of magic. It is the bond that unites us in joy, hope, and sometimes in pain.<\/p><p>Our commitment lies in the timely delivery of the order.<\/p><p>Regarding deliveries of arrangements to offices, hospitals, clinics, schools, or workplaces, these will be subject to the internal policies of each institution.<\/p>\t\t\t\t\t\t\t\t<\/div>\n\t\t\t\t<\/div>\n\t\t\t\t<div class=\"elementor-element elementor-element-9490957 elementor-widget-divider--view-line elementor-widget elementor-widget-divider\" data-id=\"9490957\" data-element_type=\"widget\" data-widget_type=\"divider.default\">\n\t\t\t\t<div class=\"elementor-widget-container\">\n\t\t\t\t\t\t\t<div class=\"elementor-divider\">\n\t\t\t<span class=\"elementor-divider-separator\">\n\t\t\t\t\t\t<\/span>\n\t\t<\/div>\n\t\t\t\t\t\t<\/div>\n\t\t\t\t<\/div>\n\t\t\t\t\t<\/div>\n\t\t<\/div>\n\t\t\t\t\t<\/div>\n\t\t<\/section>\n\t\t\t\t\t<\/div>\n\t\t<\/div>\n\t\t\t\t\t<\/div>\n\t\t<\/section>\n\t\t\t\t<\/div>\n\t\t","protected":false},"excerpt":{"rendered":"<p>WE ARE JARD\u00cdN ESMERALDA Image ESMERALDA Flower Shop and Garden Jard\u00edn Esmeralda began in 1992 in the art of flowers on Esmeralda Street, Valpara\u00edso. Over the years, we have gained a respectability that has made us recognized at both regional and national levels. In these 29 years, both our store and our team have grown [&hellip;]<\/p>\n","protected":false},"author":1,"featured_media":0,"parent":0,"menu_order":0,"comment_status":"closed","ping_status":"closed","template":"elementor_header_footer","meta":{"footnotes":""},"class_list":["post-1518","page","type-page","status-publish","hentry"],"jetpack-related-posts":[],"jetpack_sharing_enabled":true,"_links":{"self":[{"href":"https:\/\/jardinesmeralda.cl\/en\/wp-json\/wp\/v2\/pages\/1518","targetHints":{"allow":["GET"]}}],"collection":[{"href":"https:\/\/jardinesmeralda.cl\/en\/wp-json\/wp\/v2\/pages"}],"about":[{"href":"https:\/\/jardinesmeralda.cl\/en\/wp-json\/wp\/v2\/types\/page"}],"author":[{"embeddable":true,"href":"https:\/\/jardinesmeralda.cl\/en\/wp-json\/wp\/v2\/users\/1"}],"replies":[{"embeddable":true,"href":"https:\/\/jardinesmeralda.cl\/en\/wp-json\/wp\/v2\/comments?post=1518"}],"version-history":[{"count":2,"href":"https:\/\/jardinesmeralda.cl\/en\/wp-json\/wp\/v2\/pages\/1518\/revisions"}],"predecessor-version":[{"id":1822,"href":"https:\/\/jardinesmeralda.cl\/en\/wp-json\/wp\/v2\/pages\/1518\/revisions\/1822"}],"wp:attachment":[{"href":"https:\/\/jardinesmeralda.cl\/en\/wp-json\/wp\/v2\/media?parent=1518"}],"curies":[{"name":"wp","href":"https:\/\/api.w.org\/{rel}","templated":true}]}}